{"id":1485,"date":"2022-06-27T18:03:49","date_gmt":"2022-06-27T15:03:49","guid":{"rendered":"https:\/\/solins.com.tr\/surecler\/"},"modified":"2022-10-05T11:43:37","modified_gmt":"2022-10-05T08:43:37","slug":"process","status":"publish","type":"page","link":"https:\/\/solins.com.tr\/en\/process\/","title":{"rendered":"Process"},"content":{"rendered":"\t\t<div data-elementor-type=\"wp-page\" data-elementor-id=\"1485\" class=\"elementor elementor-1485 elementor-271\">\n\t\t\t\t\t\t<section class=\"elementor-section elementor-top-section elementor-element elementor-element-314b6ef elementor-section-full_width elementor-section-height-full elementor-section-height-default elementor-section-items-middle\" data-id=\"314b6ef\" data-element_type=\"section\" data-settings=\"{&quot;background_background&quot;:&quot;classic&quot;}\">\n\t\t\t\t\t\t<div class=\"elementor-container elementor-column-gap-no\">\n\t\t\t\t\t<div class=\"elementor-column elementor-col-100 elementor-top-column elementor-element elementor-element-2fb7b16\" data-id=\"2fb7b16\" data-element_type=\"column\">\n\t\t\t<div class=\"elementor-widget-wrap elementor-element-populated\">\n\t\t\t\t\t\t<section class=\"elementor-section elementor-inner-section elementor-element elementor-element-9927c70 elementor-section-boxed elementor-section-height-default elementor-section-height-default\" data-id=\"9927c70\" data-element_type=\"section\">\n\t\t\t\t\t\t<div class=\"elementor-container elementor-column-gap-default\">\n\t\t\t\t\t<div class=\"elementor-column elementor-col-50 elementor-inner-column elementor-element elementor-element-a176122\" data-id=\"a176122\" data-element_type=\"column\">\n\t\t\t<div class=\"elementor-widget-wrap elementor-element-populated\">\n\t\t\t\t\t\t<div class=\"elementor-element elementor-element-f7f42b9 elementor-widget elementor-widget-heading\" data-id=\"f7f42b9\" data-element_type=\"widget\" data-widget_type=\"heading.default\">\n\t\t\t\t<div class=\"elementor-widget-container\">\n\t\t\t<h2 class=\"elementor-heading-title elementor-size-default\">PROCESSES\u200b<\/h2>\t\t<\/div>\n\t\t\t\t<\/div>\n\t\t\t\t<div class=\"elementor-element elementor-element-cae8793 elementor-widget elementor-widget-text-editor\" data-id=\"cae8793\" data-element_type=\"widget\" data-widget_type=\"text-editor.default\">\n\t\t\t\t<div class=\"elementor-widget-container\">\n\t\t\t\t\t\t\t<p>We are with you in Consultancy and Financial Support, Engineering and Project Design, Turnkey Installation, Operation Maintenance Repair and Discovery Processes.<\/p>\t\t\t\t\t\t<\/div>\n\t\t\t\t<\/div>\n\t\t\t\t\t<\/div>\n\t\t<\/div>\n\t\t\t\t<div class=\"elementor-column elementor-col-50 elementor-inner-column elementor-element elementor-element-66e74cb\" data-id=\"66e74cb\" data-element_type=\"column\">\n\t\t\t<div class=\"elementor-widget-wrap\">\n\t\t\t\t\t\t\t<\/div>\n\t\t<\/div>\n\t\t\t\t\t<\/div>\n\t\t<\/section>\n\t\t\t\t<section class=\"elementor-section elementor-inner-section elementor-element elementor-element-2695c51 elementor-section-boxed elementor-section-height-default elementor-section-height-default\" data-id=\"2695c51\" data-element_type=\"section\">\n\t\t\t\t\t\t<div class=\"elementor-container elementor-column-gap-default\">\n\t\t\t\t\t<div class=\"elementor-column elementor-col-33 elementor-inner-column elementor-element elementor-element-8a13539\" data-id=\"8a13539\" data-element_type=\"column\">\n\t\t\t<div class=\"elementor-widget-wrap elementor-element-populated\">\n\t\t\t\t\t\t<div class=\"elementor-element elementor-element-a6f70e1 elementor-view-framed elementor-shape-square elementor-widget elementor-widget-icon\" data-id=\"a6f70e1\" data-element_type=\"widget\" data-widget_type=\"icon.default\">\n\t\t\t\t<div class=\"elementor-widget-container\">\n\t\t\t\t\t<div class=\"elementor-icon-wrapper\">\n\t\t\t<div class=\"elementor-icon\">\n\t\t\t<i aria-hidden=\"true\" class=\"fas fa-redo\"><\/i>\t\t\t<\/div>\n\t\t<\/div>\n\t\t\t\t<\/div>\n\t\t\t\t<\/div>\n\t\t\t\t<div class=\"elementor-element elementor-element-2e7ee80 elementor-widget elementor-widget-heading\" data-id=\"2e7ee80\" data-element_type=\"widget\" data-widget_type=\"heading.default\">\n\t\t\t\t<div class=\"elementor-widget-container\">\n\t\t\t<h2 class=\"elementor-heading-title elementor-size-default\">Discovery\u200b<\/h2>\t\t<\/div>\n\t\t\t\t<\/div>\n\t\t\t\t<div class=\"elementor-element elementor-element-61a145d elementor-widget elementor-widget-text-editor\" data-id=\"61a145d\" data-element_type=\"widget\" data-widget_type=\"text-editor.default\">\n\t\t\t\t<div class=\"elementor-widget-container\">\n\t\t\t\t\t\t\t<p>Free observations are made for the location where investment is desired. These observations are a reference for examining technically and financially and presenting the most appropriate solutions to the investor.<\/p>\t\t\t\t\t\t<\/div>\n\t\t\t\t<\/div>\n\t\t\t\t\t<\/div>\n\t\t<\/div>\n\t\t\t\t<div class=\"elementor-column elementor-col-33 elementor-inner-column elementor-element elementor-element-32852ef\" data-id=\"32852ef\" data-element_type=\"column\">\n\t\t\t<div class=\"elementor-widget-wrap elementor-element-populated\">\n\t\t\t\t\t\t<div class=\"elementor-element elementor-element-807509a elementor-view-framed elementor-shape-square elementor-widget elementor-widget-icon\" data-id=\"807509a\" data-element_type=\"widget\" data-widget_type=\"icon.default\">\n\t\t\t\t<div class=\"elementor-widget-container\">\n\t\t\t\t\t<div class=\"elementor-icon-wrapper\">\n\t\t\t<div class=\"elementor-icon\">\n\t\t\t<i aria-hidden=\"true\" class=\"fas fa-glasses\"><\/i>\t\t\t<\/div>\n\t\t<\/div>\n\t\t\t\t<\/div>\n\t\t\t\t<\/div>\n\t\t\t\t<div class=\"elementor-element elementor-element-496e31f elementor-widget elementor-widget-heading\" data-id=\"496e31f\" data-element_type=\"widget\" data-widget_type=\"heading.default\">\n\t\t\t\t<div class=\"elementor-widget-container\">\n\t\t\t<h2 class=\"elementor-heading-title elementor-size-default\">Consulting and Financial Support\u200b<\/h2>\t\t<\/div>\n\t\t\t\t<\/div>\n\t\t\t\t<div class=\"elementor-element elementor-element-0dc6ad8 elementor-widget elementor-widget-text-editor\" data-id=\"0dc6ad8\" data-element_type=\"widget\" data-widget_type=\"text-editor.default\">\n\t\t\t\t<div class=\"elementor-widget-container\">\n\t\t\t\t\t\t\t<p>For these long-term investments, the most accurate engineering and financial support services are provided to the customers.<\/p>\t\t\t\t\t\t<\/div>\n\t\t\t\t<\/div>\n\t\t\t\t\t<\/div>\n\t\t<\/div>\n\t\t\t\t<div class=\"elementor-column elementor-col-33 elementor-inner-column elementor-element elementor-element-e7b31f4\" data-id=\"e7b31f4\" data-element_type=\"column\">\n\t\t\t<div class=\"elementor-widget-wrap elementor-element-populated\">\n\t\t\t\t\t\t<div class=\"elementor-element elementor-element-7c00072 elementor-view-framed elementor-shape-square elementor-widget elementor-widget-icon\" data-id=\"7c00072\" data-element_type=\"widget\" data-widget_type=\"icon.default\">\n\t\t\t\t<div class=\"elementor-widget-container\">\n\t\t\t\t\t<div class=\"elementor-icon-wrapper\">\n\t\t\t<div class=\"elementor-icon\">\n\t\t\t<i aria-hidden=\"true\" class=\"fas fa-briefcase\"><\/i>\t\t\t<\/div>\n\t\t<\/div>\n\t\t\t\t<\/div>\n\t\t\t\t<\/div>\n\t\t\t\t<div class=\"elementor-element elementor-element-767f1fd elementor-widget elementor-widget-heading\" data-id=\"767f1fd\" data-element_type=\"widget\" data-widget_type=\"heading.default\">\n\t\t\t\t<div class=\"elementor-widget-container\">\n\t\t\t<h2 class=\"elementor-heading-title elementor-size-default\">Turnkey Installation\u200b<\/h2>\t\t<\/div>\n\t\t\t\t<\/div>\n\t\t\t\t<div class=\"elementor-element elementor-element-faf3c1e elementor-widget elementor-widget-text-editor\" data-id=\"faf3c1e\" data-element_type=\"widget\" data-widget_type=\"text-editor.default\">\n\t\t\t\t<div class=\"elementor-widget-container\">\n\t\t\t\t\t\t\t<p>Turnkey installation is carried out with a policy of quality workmanship, correct material selection and a relationship of trust<\/p>\t\t\t\t\t\t<\/div>\n\t\t\t\t<\/div>\n\t\t\t\t\t<\/div>\n\t\t<\/div>\n\t\t\t\t\t<\/div>\n\t\t<\/section>\n\t\t\t\t<section class=\"elementor-section elementor-inner-section elementor-element elementor-element-a35efae elementor-section-boxed elementor-section-height-default elementor-section-height-default\" data-id=\"a35efae\" data-element_type=\"section\">\n\t\t\t\t\t\t<div class=\"elementor-container elementor-column-gap-default\">\n\t\t\t\t\t<div class=\"elementor-column elementor-col-33 elementor-inner-column elementor-element elementor-element-e023521\" data-id=\"e023521\" data-element_type=\"column\">\n\t\t\t<div class=\"elementor-widget-wrap elementor-element-populated\">\n\t\t\t\t\t\t<div class=\"elementor-element elementor-element-be812ea elementor-view-framed elementor-shape-square elementor-widget elementor-widget-icon\" data-id=\"be812ea\" data-element_type=\"widget\" data-widget_type=\"icon.default\">\n\t\t\t\t<div class=\"elementor-widget-container\">\n\t\t\t\t\t<div class=\"elementor-icon-wrapper\">\n\t\t\t<div class=\"elementor-icon\">\n\t\t\t<i aria-hidden=\"true\" class=\"fas fa-tools\"><\/i>\t\t\t<\/div>\n\t\t<\/div>\n\t\t\t\t<\/div>\n\t\t\t\t<\/div>\n\t\t\t\t<div class=\"elementor-element elementor-element-312e1ed elementor-widget elementor-widget-heading\" data-id=\"312e1ed\" data-element_type=\"widget\" data-widget_type=\"heading.default\">\n\t\t\t\t<div class=\"elementor-widget-container\">\n\t\t\t<h2 class=\"elementor-heading-title elementor-size-default\">Operation Maintenance Repair\u200b<\/h2>\t\t<\/div>\n\t\t\t\t<\/div>\n\t\t\t\t<div class=\"elementor-element elementor-element-e48590d elementor-widget elementor-widget-text-editor\" data-id=\"e48590d\" data-element_type=\"widget\" data-widget_type=\"text-editor.default\">\n\t\t\t\t<div class=\"elementor-widget-container\">\n\t\t\t\t\t\t\t<p>In order to ensure the long-lasting operation of the established facility, in addition to preventive and preventive maintenance works, emergency response support is provided.<\/p>\t\t\t\t\t\t<\/div>\n\t\t\t\t<\/div>\n\t\t\t\t\t<\/div>\n\t\t<\/div>\n\t\t\t\t<div class=\"elementor-column elementor-col-33 elementor-inner-column elementor-element elementor-element-2c1785f\" data-id=\"2c1785f\" data-element_type=\"column\">\n\t\t\t<div class=\"elementor-widget-wrap elementor-element-populated\">\n\t\t\t\t\t\t<div class=\"elementor-element elementor-element-f5fc9e7 elementor-view-framed elementor-shape-square elementor-widget elementor-widget-icon\" data-id=\"f5fc9e7\" data-element_type=\"widget\" data-widget_type=\"icon.default\">\n\t\t\t\t<div class=\"elementor-widget-container\">\n\t\t\t\t\t<div class=\"elementor-icon-wrapper\">\n\t\t\t<div class=\"elementor-icon\">\n\t\t\t<i aria-hidden=\"true\" class=\"fas fa-book\"><\/i>\t\t\t<\/div>\n\t\t<\/div>\n\t\t\t\t<\/div>\n\t\t\t\t<\/div>\n\t\t\t\t<div class=\"elementor-element elementor-element-b750bad elementor-widget elementor-widget-heading\" data-id=\"b750bad\" data-element_type=\"widget\" data-widget_type=\"heading.default\">\n\t\t\t\t<div class=\"elementor-widget-container\">\n\t\t\t<h2 class=\"elementor-heading-title elementor-size-default\">Engineering and Projecting\u200b<\/h2>\t\t<\/div>\n\t\t\t\t<\/div>\n\t\t\t\t<div class=\"elementor-element elementor-element-ce38471 elementor-widget elementor-widget-text-editor\" data-id=\"ce38471\" data-element_type=\"widget\" data-widget_type=\"text-editor.default\">\n\t\t\t\t<div class=\"elementor-widget-container\">\n\t\t\t\t\t\t\t<p>After the investment decision is taken, projecting and design studies are carried out in line with cost\/efficiency\/needs.<\/p>\t\t\t\t\t\t<\/div>\n\t\t\t\t<\/div>\n\t\t\t\t\t<\/div>\n\t\t<\/div>\n\t\t\t\t<div class=\"elementor-column elementor-col-33 elementor-inner-column elementor-element elementor-element-f969406\" data-id=\"f969406\" data-element_type=\"column\">\n\t\t\t<div class=\"elementor-widget-wrap\">\n\t\t\t\t\t\t\t<\/div>\n\t\t<\/div>\n\t\t\t\t\t<\/div>\n\t\t<\/section>\n\t\t\t\t\t<\/div>\n\t\t<\/div>\n\t\t\t\t\t<\/div>\n\t\t<\/section>\n\t\t\t\t<\/div>\n\t\t","protected":false},"excerpt":{"rendered":"<p>PROCESSES\u200b We are with you in Consultancy and Financial Support, Engineering and Project Design, Turnkey Installation, Operation Maintenance Repair and Discovery Processes. Discovery\u200b Free observations are made for the location where investment is desired. These observations are a reference for examining technically and financially and presenting the most appropriate solutions to the investor. Consulting and [&hellip;]<\/p>\n","protected":false},"author":3,"featured_media":1245,"parent":0,"menu_order":0,"comment_status":"closed","ping_status":"closed","template":"","meta":{"footnotes":""},"categories":[],"tags":[],"class_list":["post-1485","page","type-page","status-publish","has-post-thumbnail","hentry"],"yoast_head":"<!-- This site is optimized with the Yoast SEO plugin v23.7 - https:\/\/yoast.com\/wordpress\/plugins\/seo\/ -->\n<title>Process - Solins Energy<\/title>\n<meta name=\"description\" content=\"Our process includes Discovery\u200b, Consulting and Financial Support\u200b, Turnkey Installation\u200b, Operation Maintenance Repair\u200b, Engineering and\u200b...\" \/>\n<meta name=\"robots\" content=\"index, follow, max-snippet:-1, max-image-preview:large, max-video-preview:-1\" \/>\n<link rel=\"canonical\" href=\"https:\/\/solins.com.tr\/en\/process\/\" \/>\n<meta property=\"og:locale\" content=\"en_US\" \/>\n<meta property=\"og:type\" content=\"article\" \/>\n<meta property=\"og:title\" content=\"Process - Solins Energy\" \/>\n<meta property=\"og:description\" content=\"Our process includes Discovery\u200b, Consulting and Financial Support\u200b, Turnkey Installation\u200b, Operation Maintenance Repair\u200b, Engineering and\u200b...\" \/>\n<meta property=\"og:url\" content=\"https:\/\/solins.com.tr\/en\/process\/\" \/>\n<meta property=\"og:site_name\" content=\"Solins Energy\" \/>\n<meta property=\"article:modified_time\" content=\"2022-10-05T08:43:37+00:00\" \/>\n<meta property=\"og:image\" content=\"https:\/\/solins.com.tr\/wp-content\/uploads\/2022\/08\/Solins-Energy-Hizmetler-Isletme-Bakim-banner.webp\" \/>\n\t<meta property=\"og:image:width\" content=\"1920\" \/>\n\t<meta property=\"og:image:height\" content=\"300\" \/>\n\t<meta property=\"og:image:type\" content=\"image\/webp\" \/>\n<meta name=\"twitter:card\" content=\"summary_large_image\" \/>\n<meta name=\"twitter:label1\" content=\"Est. reading time\" \/>\n\t<meta name=\"twitter:data1\" content=\"1 minute\" \/>\n<script type=\"application\/ld+json\" class=\"yoast-schema-graph\">{\"@context\":\"https:\/\/schema.org\",\"@graph\":[{\"@type\":\"WebPage\",\"@id\":\"https:\/\/solins.com.tr\/en\/process\/\",\"url\":\"https:\/\/solins.com.tr\/en\/process\/\",\"name\":\"Process - Solins Energy\",\"isPartOf\":{\"@id\":\"https:\/\/solins.com.tr\/en\/#website\"},\"primaryImageOfPage\":{\"@id\":\"https:\/\/solins.com.tr\/en\/process\/#primaryimage\"},\"image\":{\"@id\":\"https:\/\/solins.com.tr\/en\/process\/#primaryimage\"},\"thumbnailUrl\":\"https:\/\/solins.com.tr\/wp-content\/uploads\/2022\/08\/Solins-Energy-Hizmetler-Isletme-Bakim-banner.webp\",\"datePublished\":\"2022-06-27T15:03:49+00:00\",\"dateModified\":\"2022-10-05T08:43:37+00:00\",\"description\":\"Our process includes Discovery\u200b, Consulting and Financial Support\u200b, Turnkey Installation\u200b, Operation Maintenance Repair\u200b, Engineering and\u200b...\",\"breadcrumb\":{\"@id\":\"https:\/\/solins.com.tr\/en\/process\/#breadcrumb\"},\"inLanguage\":\"en-US\",\"potentialAction\":[{\"@type\":\"ReadAction\",\"target\":[\"https:\/\/solins.com.tr\/en\/process\/\"]}]},{\"@type\":\"ImageObject\",\"inLanguage\":\"en-US\",\"@id\":\"https:\/\/solins.com.tr\/en\/process\/#primaryimage\",\"url\":\"https:\/\/solins.com.tr\/wp-content\/uploads\/2022\/08\/Solins-Energy-Hizmetler-Isletme-Bakim-banner.webp\",\"contentUrl\":\"https:\/\/solins.com.tr\/wp-content\/uploads\/2022\/08\/Solins-Energy-Hizmetler-Isletme-Bakim-banner.webp\",\"width\":1920,\"height\":300,\"caption\":\"Solins Energy - Hizmetler - \u0130\u015fletme Bak\u0131m - banner\"},{\"@type\":\"BreadcrumbList\",\"@id\":\"https:\/\/solins.com.tr\/en\/process\/#breadcrumb\",\"itemListElement\":[{\"@type\":\"ListItem\",\"position\":1,\"name\":\"Anasayfa\",\"item\":\"https:\/\/solins.com.tr\/en\/\"},{\"@type\":\"ListItem\",\"position\":2,\"name\":\"Process\"}]},{\"@type\":\"WebSite\",\"@id\":\"https:\/\/solins.com.tr\/en\/#website\",\"url\":\"https:\/\/solins.com.tr\/en\/\",\"name\":\"Solins Energy\",\"description\":\"\",\"publisher\":{\"@id\":\"https:\/\/solins.com.tr\/en\/#organization\"},\"potentialAction\":[{\"@type\":\"SearchAction\",\"target\":{\"@type\":\"EntryPoint\",\"urlTemplate\":\"https:\/\/solins.com.tr\/en\/?s={search_term_string}\"},\"query-input\":{\"@type\":\"PropertyValueSpecification\",\"valueRequired\":true,\"valueName\":\"search_term_string\"}}],\"inLanguage\":\"en-US\"},{\"@type\":\"Organization\",\"@id\":\"https:\/\/solins.com.tr\/en\/#organization\",\"name\":\"Solins Energy\",\"url\":\"https:\/\/solins.com.tr\/en\/\",\"logo\":{\"@type\":\"ImageObject\",\"inLanguage\":\"en-US\",\"@id\":\"https:\/\/solins.com.tr\/en\/#\/schema\/logo\/image\/\",\"url\":\"https:\/\/solins.com.tr\/wp-content\/uploads\/2022\/04\/slider_logo.webp\",\"contentUrl\":\"https:\/\/solins.com.tr\/wp-content\/uploads\/2022\/04\/slider_logo.webp\",\"width\":732,\"height\":155,\"caption\":\"Solins Energy\"},\"image\":{\"@id\":\"https:\/\/solins.com.tr\/en\/#\/schema\/logo\/image\/\"}}]}<\/script>\n<!-- \/ Yoast SEO plugin. -->","yoast_head_json":{"title":"Process - Solins Energy","description":"Our process includes Discovery\u200b, Consulting and Financial Support\u200b, Turnkey Installation\u200b, Operation Maintenance Repair\u200b, Engineering and\u200b...","robots":{"index":"index","follow":"follow","max-snippet":"max-snippet:-1","max-image-preview":"max-image-preview:large","max-video-preview":"max-video-preview:-1"},"canonical":"https:\/\/solins.com.tr\/en\/process\/","og_locale":"en_US","og_type":"article","og_title":"Process - Solins Energy","og_description":"Our process includes Discovery\u200b, Consulting and Financial Support\u200b, Turnkey Installation\u200b, Operation Maintenance Repair\u200b, Engineering and\u200b...","og_url":"https:\/\/solins.com.tr\/en\/process\/","og_site_name":"Solins Energy","article_modified_time":"2022-10-05T08:43:37+00:00","og_image":[{"width":1920,"height":300,"url":"https:\/\/solins.com.tr\/wp-content\/uploads\/2022\/08\/Solins-Energy-Hizmetler-Isletme-Bakim-banner.webp","type":"image\/webp"}],"twitter_card":"summary_large_image","twitter_misc":{"Est. reading time":"1 minute"},"schema":{"@context":"https:\/\/schema.org","@graph":[{"@type":"WebPage","@id":"https:\/\/solins.com.tr\/en\/process\/","url":"https:\/\/solins.com.tr\/en\/process\/","name":"Process - Solins Energy","isPartOf":{"@id":"https:\/\/solins.com.tr\/en\/#website"},"primaryImageOfPage":{"@id":"https:\/\/solins.com.tr\/en\/process\/#primaryimage"},"image":{"@id":"https:\/\/solins.com.tr\/en\/process\/#primaryimage"},"thumbnailUrl":"https:\/\/solins.com.tr\/wp-content\/uploads\/2022\/08\/Solins-Energy-Hizmetler-Isletme-Bakim-banner.webp","datePublished":"2022-06-27T15:03:49+00:00","dateModified":"2022-10-05T08:43:37+00:00","description":"Our process includes Discovery\u200b, Consulting and Financial Support\u200b, Turnkey Installation\u200b, Operation Maintenance Repair\u200b, Engineering and\u200b...","breadcrumb":{"@id":"https:\/\/solins.com.tr\/en\/process\/#breadcrumb"},"inLanguage":"en-US","potentialAction":[{"@type":"ReadAction","target":["https:\/\/solins.com.tr\/en\/process\/"]}]},{"@type":"ImageObject","inLanguage":"en-US","@id":"https:\/\/solins.com.tr\/en\/process\/#primaryimage","url":"https:\/\/solins.com.tr\/wp-content\/uploads\/2022\/08\/Solins-Energy-Hizmetler-Isletme-Bakim-banner.webp","contentUrl":"https:\/\/solins.com.tr\/wp-content\/uploads\/2022\/08\/Solins-Energy-Hizmetler-Isletme-Bakim-banner.webp","width":1920,"height":300,"caption":"Solins Energy - Hizmetler - \u0130\u015fletme Bak\u0131m - banner"},{"@type":"BreadcrumbList","@id":"https:\/\/solins.com.tr\/en\/process\/#breadcrumb","itemListElement":[{"@type":"ListItem","position":1,"name":"Anasayfa","item":"https:\/\/solins.com.tr\/en\/"},{"@type":"ListItem","position":2,"name":"Process"}]},{"@type":"WebSite","@id":"https:\/\/solins.com.tr\/en\/#website","url":"https:\/\/solins.com.tr\/en\/","name":"Solins Energy","description":"","publisher":{"@id":"https:\/\/solins.com.tr\/en\/#organization"},"potentialAction":[{"@type":"SearchAction","target":{"@type":"EntryPoint","urlTemplate":"https:\/\/solins.com.tr\/en\/?s={search_term_string}"},"query-input":{"@type":"PropertyValueSpecification","valueRequired":true,"valueName":"search_term_string"}}],"inLanguage":"en-US"},{"@type":"Organization","@id":"https:\/\/solins.com.tr\/en\/#organization","name":"Solins Energy","url":"https:\/\/solins.com.tr\/en\/","logo":{"@type":"ImageObject","inLanguage":"en-US","@id":"https:\/\/solins.com.tr\/en\/#\/schema\/logo\/image\/","url":"https:\/\/solins.com.tr\/wp-content\/uploads\/2022\/04\/slider_logo.webp","contentUrl":"https:\/\/solins.com.tr\/wp-content\/uploads\/2022\/04\/slider_logo.webp","width":732,"height":155,"caption":"Solins Energy"},"image":{"@id":"https:\/\/solins.com.tr\/en\/#\/schema\/logo\/image\/"}}]}},"_links":{"self":[{"href":"https:\/\/solins.com.tr\/en\/wp-json\/wp\/v2\/pages\/1485","targetHints":{"allow":["GET"]}}],"collection":[{"href":"https:\/\/solins.com.tr\/en\/wp-json\/wp\/v2\/pages"}],"about":[{"href":"https:\/\/solins.com.tr\/en\/wp-json\/wp\/v2\/types\/page"}],"author":[{"embeddable":true,"href":"https:\/\/solins.com.tr\/en\/wp-json\/wp\/v2\/users\/3"}],"replies":[{"embeddable":true,"href":"https:\/\/solins.com.tr\/en\/wp-json\/wp\/v2\/comments?post=1485"}],"version-history":[{"count":8,"href":"https:\/\/solins.com.tr\/en\/wp-json\/wp\/v2\/pages\/1485\/revisions"}],"predecessor-version":[{"id":1749,"href":"https:\/\/solins.com.tr\/en\/wp-json\/wp\/v2\/pages\/1485\/revisions\/1749"}],"wp:featuredmedia":[{"embeddable":true,"href":"https:\/\/solins.com.tr\/en\/wp-json\/wp\/v2\/media\/1245"}],"wp:attachment":[{"href":"https:\/\/solins.com.tr\/en\/wp-json\/wp\/v2\/media?parent=1485"}],"wp:term":[{"taxonomy":"category","embeddable":true,"href":"https:\/\/solins.com.tr\/en\/wp-json\/wp\/v2\/categories?post=1485"},{"taxonomy":"post_tag","embeddable":true,"href":"https:\/\/solins.com.tr\/en\/wp-json\/wp\/v2\/tags?post=1485"}],"curies":[{"name":"wp","href":"https:\/\/api.w.org\/{rel}","templated":true}]}}