{"id":1418,"date":"2022-06-28T06:57:11","date_gmt":"2022-06-28T03:57:11","guid":{"rendered":"https:\/\/solins.com.tr\/products\/celik-sigma-profil\/"},"modified":"2022-09-16T12:25:23","modified_gmt":"2022-09-16T09:25:23","slug":"steel-sigma-profile","status":"publish","type":"page","link":"https:\/\/solins.com.tr\/en\/products\/steel-sigma-profile\/","title":{"rendered":"Steel Sigma Profile"},"content":{"rendered":"\t\t<div data-elementor-type=\"wp-page\" data-elementor-id=\"1418\" class=\"elementor elementor-1418 elementor-485\">\n\t\t\t\t\t\t<section class=\"elementor-section elementor-top-section elementor-element elementor-element-1238fbf elementor-section-boxed elementor-section-height-default elementor-section-height-default\" data-id=\"1238fbf\" data-element_type=\"section\" data-settings=\"{&quot;background_background&quot;:&quot;classic&quot;}\">\n\t\t\t\t\t\t<div class=\"elementor-container elementor-column-gap-default\">\n\t\t\t\t\t<div class=\"elementor-column elementor-col-100 elementor-top-column elementor-element elementor-element-03883f2\" data-id=\"03883f2\" data-element_type=\"column\">\n\t\t\t<div class=\"elementor-widget-wrap elementor-element-populated\">\n\t\t\t\t\t\t<div class=\"elementor-element elementor-element-ab3dd5a elementor-widget elementor-widget-heading\" data-id=\"ab3dd5a\" data-element_type=\"widget\" data-widget_type=\"heading.default\">\n\t\t\t\t<div class=\"elementor-widget-container\">\n\t\t\t<h2 class=\"elementor-heading-title elementor-size-default\">Steel Sigma Profile<\/h2>\t\t<\/div>\n\t\t\t\t<\/div>\n\t\t\t\t<div class=\"elementor-element elementor-element-f0abc5a elementor-widget elementor-widget-text-editor\" data-id=\"f0abc5a\" data-element_type=\"widget\" data-widget_type=\"text-editor.default\">\n\t\t\t\t<div class=\"elementor-widget-container\">\n\t\t\t\t\t\t\t<p>We offer our sigma profile solutions made of steel to our customers who are looking for cost advantage and high strength for roof solar power plants.<\/p><p><strong><u>Advantages<\/u><\/strong><\/p><ul><li>Long lasting and rustproof<\/li><li>Cost advantage,<\/li><li>High strength,<\/li><li>Easy setup,<\/li><li>Fast delivery.<\/li><\/ul>\t\t\t\t\t\t<\/div>\n\t\t\t\t<\/div>\n\t\t\t\t<div class=\"elementor-element elementor-element-91d42a2 elementor-widget elementor-widget-button\" data-id=\"91d42a2\" data-element_type=\"widget\" data-widget_type=\"button.default\">\n\t\t\t\t<div class=\"elementor-widget-container\">\n\t\t\t\t\t<div class=\"elementor-button-wrapper\">\n\t\t\t<a class=\"elementor-button elementor-button-link elementor-size-sm\" href=\"https:\/\/solins.com.tr\/en\/contact\/\">\n\t\t\t\t\t\t<span class=\"elementor-button-content-wrapper\">\n\t\t\t\t\t\t\t\t\t<span class=\"elementor-button-text\">Contact us for more information<\/span>\n\t\t\t\t\t<\/span>\n\t\t\t\t\t<\/a>\n\t\t<\/div>\n\t\t\t\t<\/div>\n\t\t\t\t<\/div>\n\t\t\t\t<section class=\"elementor-section elementor-inner-section elementor-element elementor-element-9e61e15 elementor-section-boxed elementor-section-height-default elementor-section-height-default\" data-id=\"9e61e15\" data-element_type=\"section\">\n\t\t\t\t\t\t<div class=\"elementor-container elementor-column-gap-default\">\n\t\t\t\t\t<div class=\"elementor-column elementor-col-100 elementor-inner-column elementor-element elementor-element-b2a921a\" data-id=\"b2a921a\" data-element_type=\"column\">\n\t\t\t<div class=\"elementor-widget-wrap\">\n\t\t\t\t\t\t\t<\/div>\n\t\t<\/div>\n\t\t\t\t\t<\/div>\n\t\t<\/section>\n\t\t\t\t<section class=\"elementor-section elementor-inner-section elementor-element elementor-element-ef91c6b elementor-section-boxed elementor-section-height-default elementor-section-height-default\" data-id=\"ef91c6b\" data-element_type=\"section\">\n\t\t\t\t\t\t<div class=\"elementor-container elementor-column-gap-default\">\n\t\t\t\t\t<div class=\"elementor-column elementor-col-100 elementor-inner-column elementor-element elementor-element-588b8e9\" data-id=\"588b8e9\" data-element_type=\"column\">\n\t\t\t<div class=\"elementor-widget-wrap elementor-element-populated\">\n\t\t\t\t\t\t<div class=\"elementor-element elementor-element-0845c7b elementor-widget elementor-widget-video\" data-id=\"0845c7b\" data-element_type=\"widget\" data-settings=\"{&quot;youtube_url&quot;:&quot;https:\\\/\\\/youtu.be\\\/9l28smD6g0E&quot;,&quot;video_type&quot;:&quot;youtube&quot;,&quot;controls&quot;:&quot;yes&quot;}\" data-widget_type=\"video.default\">\n\t\t\t\t<div class=\"elementor-widget-container\">\n\t\t\t\t\t<div class=\"elementor-wrapper elementor-open-inline\">\n\t\t\t<div class=\"elementor-video\"><\/div>\t\t<\/div>\n\t\t\t\t<\/div>\n\t\t\t\t<\/div>\n\t\t\t\t\t<\/div>\n\t\t<\/div>\n\t\t\t\t\t<\/div>\n\t\t<\/section>\n\t\t\t\t\t<\/div>\n\t\t<\/div>\n\t\t\t\t\t<\/div>\n\t\t<\/section>\n\t\t\t\t<\/div>\n\t\t","protected":false},"excerpt":{"rendered":"<p>Steel Sigma Profile We offer our sigma profile solutions made of steel to our customers who are looking for cost advantage and high strength for roof solar power plants. Advantages Long lasting and rustproof Cost advantage, High strength, Easy setup, Fast delivery. Contact us for more information<\/p>\n","protected":false},"author":3,"featured_media":1272,"parent":1407,"menu_order":0,"comment_status":"closed","ping_status":"closed","template":"","meta":{"footnotes":""},"categories":[24],"tags":[],"class_list":["post-1418","page","type-page","status-publish","has-post-thumbnail","hentry","category-products"],"yoast_head":"<!-- This site is optimized with the Yoast SEO plugin v23.7 - https:\/\/yoast.com\/wordpress\/plugins\/seo\/ -->\n<title>Steel Sigma Profile - Solins Energy<\/title>\n<meta name=\"description\" content=\"Steel Sigma Profile: We offer our sigma profile solutions made of steel to our customers who are looking for cost advantage and high...\" \/>\n<meta name=\"robots\" content=\"index, follow, max-snippet:-1, max-image-preview:large, max-video-preview:-1\" \/>\n<link rel=\"canonical\" href=\"https:\/\/solins.com.tr\/en\/products\/steel-sigma-profile\/\" \/>\n<meta property=\"og:locale\" content=\"en_US\" \/>\n<meta property=\"og:type\" content=\"article\" \/>\n<meta property=\"og:title\" content=\"Steel Sigma Profile - Solins Energy\" \/>\n<meta property=\"og:description\" content=\"Steel Sigma Profile: We offer our sigma profile solutions made of steel to our customers who are looking for cost advantage and high...\" \/>\n<meta property=\"og:url\" content=\"https:\/\/solins.com.tr\/en\/products\/steel-sigma-profile\/\" \/>\n<meta property=\"og:site_name\" content=\"Solins Energy\" \/>\n<meta property=\"article:modified_time\" content=\"2022-09-16T09:25:23+00:00\" \/>\n<meta property=\"og:image\" content=\"https:\/\/solins.com.tr\/wp-content\/uploads\/2022\/08\/Solins-Energy-Urunler-Celik-Sigma-Profil-banner.webp\" \/>\n\t<meta property=\"og:image:width\" content=\"1920\" \/>\n\t<meta property=\"og:image:height\" content=\"300\" \/>\n\t<meta property=\"og:image:type\" content=\"image\/webp\" \/>\n<meta name=\"twitter:card\" content=\"summary_large_image\" \/>\n<meta name=\"twitter:label1\" content=\"Est. reading time\" \/>\n\t<meta name=\"twitter:data1\" content=\"1 minute\" \/>\n<script type=\"application\/ld+json\" class=\"yoast-schema-graph\">{\"@context\":\"https:\/\/schema.org\",\"@graph\":[{\"@type\":\"WebPage\",\"@id\":\"https:\/\/solins.com.tr\/en\/products\/steel-sigma-profile\/\",\"url\":\"https:\/\/solins.com.tr\/en\/products\/steel-sigma-profile\/\",\"name\":\"Steel Sigma Profile - Solins Energy\",\"isPartOf\":{\"@id\":\"https:\/\/solins.com.tr\/en\/#website\"},\"primaryImageOfPage\":{\"@id\":\"https:\/\/solins.com.tr\/en\/products\/steel-sigma-profile\/#primaryimage\"},\"image\":{\"@id\":\"https:\/\/solins.com.tr\/en\/products\/steel-sigma-profile\/#primaryimage\"},\"thumbnailUrl\":\"https:\/\/solins.com.tr\/wp-content\/uploads\/2022\/08\/Solins-Energy-Urunler-Celik-Sigma-Profil-banner.webp\",\"datePublished\":\"2022-06-28T03:57:11+00:00\",\"dateModified\":\"2022-09-16T09:25:23+00:00\",\"description\":\"Steel Sigma Profile: We offer our sigma profile solutions made of steel to our customers who are looking for cost advantage and high...\",\"breadcrumb\":{\"@id\":\"https:\/\/solins.com.tr\/en\/products\/steel-sigma-profile\/#breadcrumb\"},\"inLanguage\":\"en-US\",\"potentialAction\":[{\"@type\":\"ReadAction\",\"target\":[\"https:\/\/solins.com.tr\/en\/products\/steel-sigma-profile\/\"]}]},{\"@type\":\"ImageObject\",\"inLanguage\":\"en-US\",\"@id\":\"https:\/\/solins.com.tr\/en\/products\/steel-sigma-profile\/#primaryimage\",\"url\":\"https:\/\/solins.com.tr\/wp-content\/uploads\/2022\/08\/Solins-Energy-Urunler-Celik-Sigma-Profil-banner.webp\",\"contentUrl\":\"https:\/\/solins.com.tr\/wp-content\/uploads\/2022\/08\/Solins-Energy-Urunler-Celik-Sigma-Profil-banner.webp\",\"width\":1920,\"height\":300,\"caption\":\"Solins Energy - \u00dcr\u00fcnler - \u00c7elik Sigma Profil\"},{\"@type\":\"BreadcrumbList\",\"@id\":\"https:\/\/solins.com.tr\/en\/products\/steel-sigma-profile\/#breadcrumb\",\"itemListElement\":[{\"@type\":\"ListItem\",\"position\":1,\"name\":\"Anasayfa\",\"item\":\"https:\/\/solins.com.tr\/en\/\"},{\"@type\":\"ListItem\",\"position\":2,\"name\":\"Products\",\"item\":\"https:\/\/solins.com.tr\/en\/products\/\"},{\"@type\":\"ListItem\",\"position\":3,\"name\":\"Steel Sigma Profile\"}]},{\"@type\":\"WebSite\",\"@id\":\"https:\/\/solins.com.tr\/en\/#website\",\"url\":\"https:\/\/solins.com.tr\/en\/\",\"name\":\"Solins Energy\",\"description\":\"\",\"publisher\":{\"@id\":\"https:\/\/solins.com.tr\/en\/#organization\"},\"potentialAction\":[{\"@type\":\"SearchAction\",\"target\":{\"@type\":\"EntryPoint\",\"urlTemplate\":\"https:\/\/solins.com.tr\/en\/?s={search_term_string}\"},\"query-input\":{\"@type\":\"PropertyValueSpecification\",\"valueRequired\":true,\"valueName\":\"search_term_string\"}}],\"inLanguage\":\"en-US\"},{\"@type\":\"Organization\",\"@id\":\"https:\/\/solins.com.tr\/en\/#organization\",\"name\":\"Solins Energy\",\"url\":\"https:\/\/solins.com.tr\/en\/\",\"logo\":{\"@type\":\"ImageObject\",\"inLanguage\":\"en-US\",\"@id\":\"https:\/\/solins.com.tr\/en\/#\/schema\/logo\/image\/\",\"url\":\"https:\/\/solins.com.tr\/wp-content\/uploads\/2022\/04\/slider_logo.webp\",\"contentUrl\":\"https:\/\/solins.com.tr\/wp-content\/uploads\/2022\/04\/slider_logo.webp\",\"width\":732,\"height\":155,\"caption\":\"Solins Energy\"},\"image\":{\"@id\":\"https:\/\/solins.com.tr\/en\/#\/schema\/logo\/image\/\"}}]}<\/script>\n<!-- \/ Yoast SEO plugin. -->","yoast_head_json":{"title":"Steel Sigma Profile - Solins Energy","description":"Steel Sigma Profile: We offer our sigma profile solutions made of steel to our customers who are looking for cost advantage and high...","robots":{"index":"index","follow":"follow","max-snippet":"max-snippet:-1","max-image-preview":"max-image-preview:large","max-video-preview":"max-video-preview:-1"},"canonical":"https:\/\/solins.com.tr\/en\/products\/steel-sigma-profile\/","og_locale":"en_US","og_type":"article","og_title":"Steel Sigma Profile - Solins Energy","og_description":"Steel Sigma Profile: We offer our sigma profile solutions made of steel to our customers who are looking for cost advantage and high...","og_url":"https:\/\/solins.com.tr\/en\/products\/steel-sigma-profile\/","og_site_name":"Solins Energy","article_modified_time":"2022-09-16T09:25:23+00:00","og_image":[{"width":1920,"height":300,"url":"https:\/\/solins.com.tr\/wp-content\/uploads\/2022\/08\/Solins-Energy-Urunler-Celik-Sigma-Profil-banner.webp","type":"image\/webp"}],"twitter_card":"summary_large_image","twitter_misc":{"Est. reading time":"1 minute"},"schema":{"@context":"https:\/\/schema.org","@graph":[{"@type":"WebPage","@id":"https:\/\/solins.com.tr\/en\/products\/steel-sigma-profile\/","url":"https:\/\/solins.com.tr\/en\/products\/steel-sigma-profile\/","name":"Steel Sigma Profile - Solins Energy","isPartOf":{"@id":"https:\/\/solins.com.tr\/en\/#website"},"primaryImageOfPage":{"@id":"https:\/\/solins.com.tr\/en\/products\/steel-sigma-profile\/#primaryimage"},"image":{"@id":"https:\/\/solins.com.tr\/en\/products\/steel-sigma-profile\/#primaryimage"},"thumbnailUrl":"https:\/\/solins.com.tr\/wp-content\/uploads\/2022\/08\/Solins-Energy-Urunler-Celik-Sigma-Profil-banner.webp","datePublished":"2022-06-28T03:57:11+00:00","dateModified":"2022-09-16T09:25:23+00:00","description":"Steel Sigma Profile: We offer our sigma profile solutions made of steel to our customers who are looking for cost advantage and high...","breadcrumb":{"@id":"https:\/\/solins.com.tr\/en\/products\/steel-sigma-profile\/#breadcrumb"},"inLanguage":"en-US","potentialAction":[{"@type":"ReadAction","target":["https:\/\/solins.com.tr\/en\/products\/steel-sigma-profile\/"]}]},{"@type":"ImageObject","inLanguage":"en-US","@id":"https:\/\/solins.com.tr\/en\/products\/steel-sigma-profile\/#primaryimage","url":"https:\/\/solins.com.tr\/wp-content\/uploads\/2022\/08\/Solins-Energy-Urunler-Celik-Sigma-Profil-banner.webp","contentUrl":"https:\/\/solins.com.tr\/wp-content\/uploads\/2022\/08\/Solins-Energy-Urunler-Celik-Sigma-Profil-banner.webp","width":1920,"height":300,"caption":"Solins Energy - \u00dcr\u00fcnler - \u00c7elik Sigma Profil"},{"@type":"BreadcrumbList","@id":"https:\/\/solins.com.tr\/en\/products\/steel-sigma-profile\/#breadcrumb","itemListElement":[{"@type":"ListItem","position":1,"name":"Anasayfa","item":"https:\/\/solins.com.tr\/en\/"},{"@type":"ListItem","position":2,"name":"Products","item":"https:\/\/solins.com.tr\/en\/products\/"},{"@type":"ListItem","position":3,"name":"Steel Sigma Profile"}]},{"@type":"WebSite","@id":"https:\/\/solins.com.tr\/en\/#website","url":"https:\/\/solins.com.tr\/en\/","name":"Solins Energy","description":"","publisher":{"@id":"https:\/\/solins.com.tr\/en\/#organization"},"potentialAction":[{"@type":"SearchAction","target":{"@type":"EntryPoint","urlTemplate":"https:\/\/solins.com.tr\/en\/?s={search_term_string}"},"query-input":{"@type":"PropertyValueSpecification","valueRequired":true,"valueName":"search_term_string"}}],"inLanguage":"en-US"},{"@type":"Organization","@id":"https:\/\/solins.com.tr\/en\/#organization","name":"Solins Energy","url":"https:\/\/solins.com.tr\/en\/","logo":{"@type":"ImageObject","inLanguage":"en-US","@id":"https:\/\/solins.com.tr\/en\/#\/schema\/logo\/image\/","url":"https:\/\/solins.com.tr\/wp-content\/uploads\/2022\/04\/slider_logo.webp","contentUrl":"https:\/\/solins.com.tr\/wp-content\/uploads\/2022\/04\/slider_logo.webp","width":732,"height":155,"caption":"Solins Energy"},"image":{"@id":"https:\/\/solins.com.tr\/en\/#\/schema\/logo\/image\/"}}]}},"_links":{"self":[{"href":"https:\/\/solins.com.tr\/en\/wp-json\/wp\/v2\/pages\/1418","targetHints":{"allow":["GET"]}}],"collection":[{"href":"https:\/\/solins.com.tr\/en\/wp-json\/wp\/v2\/pages"}],"about":[{"href":"https:\/\/solins.com.tr\/en\/wp-json\/wp\/v2\/types\/page"}],"author":[{"embeddable":true,"href":"https:\/\/solins.com.tr\/en\/wp-json\/wp\/v2\/users\/3"}],"replies":[{"embeddable":true,"href":"https:\/\/solins.com.tr\/en\/wp-json\/wp\/v2\/comments?post=1418"}],"version-history":[{"count":8,"href":"https:\/\/solins.com.tr\/en\/wp-json\/wp\/v2\/pages\/1418\/revisions"}],"predecessor-version":[{"id":1661,"href":"https:\/\/solins.com.tr\/en\/wp-json\/wp\/v2\/pages\/1418\/revisions\/1661"}],"up":[{"embeddable":true,"href":"https:\/\/solins.com.tr\/en\/wp-json\/wp\/v2\/pages\/1407"}],"wp:featuredmedia":[{"embeddable":true,"href":"https:\/\/solins.com.tr\/en\/wp-json\/wp\/v2\/media\/1272"}],"wp:attachment":[{"href":"https:\/\/solins.com.tr\/en\/wp-json\/wp\/v2\/media?parent=1418"}],"wp:term":[{"taxonomy":"category","embeddable":true,"href":"https:\/\/solins.com.tr\/en\/wp-json\/wp\/v2\/categories?post=1418"},{"taxonomy":"post_tag","embeddable":true,"href":"https:\/\/solins.com.tr\/en\/wp-json\/wp\/v2\/tags?post=1418"}],"curies":[{"name":"wp","href":"https:\/\/api.w.org\/{rel}","templated":true}]}}