{"id":1363,"date":"2022-06-28T06:10:26","date_gmt":"2022-06-28T03:10:26","guid":{"rendered":"https:\/\/solins.com.tr\/services\/isletme-ve-bakim\/"},"modified":"2022-09-16T12:44:21","modified_gmt":"2022-09-16T09:44:21","slug":"operation-and-maintenance","status":"publish","type":"page","link":"https:\/\/solins.com.tr\/en\/services\/operation-and-maintenance\/","title":{"rendered":"Operation and Maintenance"},"content":{"rendered":"\t\t<div data-elementor-type=\"wp-page\" data-elementor-id=\"1363\" class=\"elementor elementor-1363 elementor-418\">\n\t\t\t\t\t\t<section class=\"elementor-section elementor-top-section elementor-element elementor-element-1238fbf elementor-section-boxed elementor-section-height-default elementor-section-height-default\" data-id=\"1238fbf\" data-element_type=\"section\" data-settings=\"{&quot;background_background&quot;:&quot;classic&quot;}\">\n\t\t\t\t\t\t<div class=\"elementor-container elementor-column-gap-default\">\n\t\t\t\t\t<div class=\"elementor-column elementor-col-100 elementor-top-column elementor-element elementor-element-03883f2\" data-id=\"03883f2\" data-element_type=\"column\">\n\t\t\t<div class=\"elementor-widget-wrap elementor-element-populated\">\n\t\t\t\t\t\t<div class=\"elementor-element elementor-element-f0abc5a elementor-widget elementor-widget-text-editor\" data-id=\"f0abc5a\" data-element_type=\"widget\" data-widget_type=\"text-editor.default\">\n\t\t\t\t<div class=\"elementor-widget-container\">\n\t\t\t\t\t\t\t<p>We provide instant monitoring, intervention, maintenance and repair services at the operational time of the facilities.\u00a0We support businesses and minimize losses with our preventive maintenance service in order to prevent unexpected failures of the facilities.<\/p>\t\t\t\t\t\t<\/div>\n\t\t\t\t<\/div>\n\t\t\t\t\t<\/div>\n\t\t<\/div>\n\t\t\t\t\t<\/div>\n\t\t<\/section>\n\t\t\t\t<section class=\"elementor-section elementor-top-section elementor-element elementor-element-51e958d elementor-section-boxed elementor-section-height-default elementor-section-height-default\" data-id=\"51e958d\" data-element_type=\"section\">\n\t\t\t\t\t\t<div class=\"elementor-container elementor-column-gap-default\">\n\t\t\t\t\t<div class=\"elementor-column elementor-col-100 elementor-top-column elementor-element elementor-element-a68c990\" data-id=\"a68c990\" data-element_type=\"column\">\n\t\t\t<div class=\"elementor-widget-wrap\">\n\t\t\t\t\t\t\t<\/div>\n\t\t<\/div>\n\t\t\t\t\t<\/div>\n\t\t<\/section>\n\t\t\t\t<\/div>\n\t\t","protected":false},"excerpt":{"rendered":"<p>We provide instant monitoring, intervention, maintenance and repair services at the operational time of the facilities.&nbsp;We support businesses and minimize losses with our preventive maintenance service in order to prevent unexpected failures of the facilities.<\/p>\n","protected":false},"author":3,"featured_media":1245,"parent":1335,"menu_order":0,"comment_status":"closed","ping_status":"closed","template":"","meta":{"footnotes":""},"categories":[23],"tags":[],"class_list":["post-1363","page","type-page","status-publish","has-post-thumbnail","hentry","category-services"],"yoast_head":"<!-- This site is optimized with the Yoast SEO plugin v23.7 - https:\/\/yoast.com\/wordpress\/plugins\/seo\/ -->\n<title>Operation and Maintenance - Solins Energy<\/title>\n<meta name=\"description\" content=\"Operation and Maintenance: We provide instant monitoring, intervention, maintenance and repair services at the operational time of the...\" \/>\n<meta name=\"robots\" content=\"index, follow, max-snippet:-1, max-image-preview:large, max-video-preview:-1\" \/>\n<link rel=\"canonical\" href=\"https:\/\/solins.com.tr\/en\/services\/operation-and-maintenance\/\" \/>\n<meta property=\"og:locale\" content=\"en_US\" \/>\n<meta property=\"og:type\" content=\"article\" \/>\n<meta property=\"og:title\" content=\"Operation and Maintenance - Solins Energy\" \/>\n<meta property=\"og:description\" content=\"Operation and Maintenance: We provide instant monitoring, intervention, maintenance and repair services at the operational time of the...\" \/>\n<meta property=\"og:url\" content=\"https:\/\/solins.com.tr\/en\/services\/operation-and-maintenance\/\" \/>\n<meta property=\"og:site_name\" content=\"Solins Energy\" \/>\n<meta property=\"article:modified_time\" content=\"2022-09-16T09:44:21+00:00\" \/>\n<meta property=\"og:image\" content=\"https:\/\/solins.com.tr\/wp-content\/uploads\/2022\/08\/Solins-Energy-Hizmetler-Isletme-Bakim-banner.webp\" \/>\n\t<meta property=\"og:image:width\" content=\"1920\" \/>\n\t<meta property=\"og:image:height\" content=\"300\" \/>\n\t<meta property=\"og:image:type\" content=\"image\/webp\" \/>\n<meta name=\"twitter:card\" content=\"summary_large_image\" \/>\n<meta name=\"twitter:label1\" content=\"Est. reading time\" \/>\n\t<meta name=\"twitter:data1\" content=\"1 minute\" \/>\n<script type=\"application\/ld+json\" class=\"yoast-schema-graph\">{\"@context\":\"https:\/\/schema.org\",\"@graph\":[{\"@type\":\"WebPage\",\"@id\":\"https:\/\/solins.com.tr\/en\/services\/operation-and-maintenance\/\",\"url\":\"https:\/\/solins.com.tr\/en\/services\/operation-and-maintenance\/\",\"name\":\"Operation and Maintenance - Solins Energy\",\"isPartOf\":{\"@id\":\"https:\/\/solins.com.tr\/en\/#website\"},\"primaryImageOfPage\":{\"@id\":\"https:\/\/solins.com.tr\/en\/services\/operation-and-maintenance\/#primaryimage\"},\"image\":{\"@id\":\"https:\/\/solins.com.tr\/en\/services\/operation-and-maintenance\/#primaryimage\"},\"thumbnailUrl\":\"https:\/\/solins.com.tr\/wp-content\/uploads\/2022\/08\/Solins-Energy-Hizmetler-Isletme-Bakim-banner.webp\",\"datePublished\":\"2022-06-28T03:10:26+00:00\",\"dateModified\":\"2022-09-16T09:44:21+00:00\",\"description\":\"Operation and Maintenance: We provide instant monitoring, intervention, maintenance and repair services at the operational time of the...\",\"breadcrumb\":{\"@id\":\"https:\/\/solins.com.tr\/en\/services\/operation-and-maintenance\/#breadcrumb\"},\"inLanguage\":\"en-US\",\"potentialAction\":[{\"@type\":\"ReadAction\",\"target\":[\"https:\/\/solins.com.tr\/en\/services\/operation-and-maintenance\/\"]}]},{\"@type\":\"ImageObject\",\"inLanguage\":\"en-US\",\"@id\":\"https:\/\/solins.com.tr\/en\/services\/operation-and-maintenance\/#primaryimage\",\"url\":\"https:\/\/solins.com.tr\/wp-content\/uploads\/2022\/08\/Solins-Energy-Hizmetler-Isletme-Bakim-banner.webp\",\"contentUrl\":\"https:\/\/solins.com.tr\/wp-content\/uploads\/2022\/08\/Solins-Energy-Hizmetler-Isletme-Bakim-banner.webp\",\"width\":1920,\"height\":300,\"caption\":\"Solins Energy - Hizmetler - \u0130\u015fletme Bak\u0131m - banner\"},{\"@type\":\"BreadcrumbList\",\"@id\":\"https:\/\/solins.com.tr\/en\/services\/operation-and-maintenance\/#breadcrumb\",\"itemListElement\":[{\"@type\":\"ListItem\",\"position\":1,\"name\":\"Anasayfa\",\"item\":\"https:\/\/solins.com.tr\/en\/\"},{\"@type\":\"ListItem\",\"position\":2,\"name\":\"Services\",\"item\":\"https:\/\/solins.com.tr\/en\/services\/\"},{\"@type\":\"ListItem\",\"position\":3,\"name\":\"Operation and Maintenance\"}]},{\"@type\":\"WebSite\",\"@id\":\"https:\/\/solins.com.tr\/en\/#website\",\"url\":\"https:\/\/solins.com.tr\/en\/\",\"name\":\"Solins Energy\",\"description\":\"\",\"publisher\":{\"@id\":\"https:\/\/solins.com.tr\/en\/#organization\"},\"potentialAction\":[{\"@type\":\"SearchAction\",\"target\":{\"@type\":\"EntryPoint\",\"urlTemplate\":\"https:\/\/solins.com.tr\/en\/?s={search_term_string}\"},\"query-input\":{\"@type\":\"PropertyValueSpecification\",\"valueRequired\":true,\"valueName\":\"search_term_string\"}}],\"inLanguage\":\"en-US\"},{\"@type\":\"Organization\",\"@id\":\"https:\/\/solins.com.tr\/en\/#organization\",\"name\":\"Solins Energy\",\"url\":\"https:\/\/solins.com.tr\/en\/\",\"logo\":{\"@type\":\"ImageObject\",\"inLanguage\":\"en-US\",\"@id\":\"https:\/\/solins.com.tr\/en\/#\/schema\/logo\/image\/\",\"url\":\"https:\/\/solins.com.tr\/wp-content\/uploads\/2022\/04\/slider_logo.webp\",\"contentUrl\":\"https:\/\/solins.com.tr\/wp-content\/uploads\/2022\/04\/slider_logo.webp\",\"width\":732,\"height\":155,\"caption\":\"Solins Energy\"},\"image\":{\"@id\":\"https:\/\/solins.com.tr\/en\/#\/schema\/logo\/image\/\"}}]}<\/script>\n<!-- \/ Yoast SEO plugin. -->","yoast_head_json":{"title":"Operation and Maintenance - Solins Energy","description":"Operation and Maintenance: We provide instant monitoring, intervention, maintenance and repair services at the operational time of the...","robots":{"index":"index","follow":"follow","max-snippet":"max-snippet:-1","max-image-preview":"max-image-preview:large","max-video-preview":"max-video-preview:-1"},"canonical":"https:\/\/solins.com.tr\/en\/services\/operation-and-maintenance\/","og_locale":"en_US","og_type":"article","og_title":"Operation and Maintenance - Solins Energy","og_description":"Operation and Maintenance: We provide instant monitoring, intervention, maintenance and repair services at the operational time of the...","og_url":"https:\/\/solins.com.tr\/en\/services\/operation-and-maintenance\/","og_site_name":"Solins Energy","article_modified_time":"2022-09-16T09:44:21+00:00","og_image":[{"width":1920,"height":300,"url":"https:\/\/solins.com.tr\/wp-content\/uploads\/2022\/08\/Solins-Energy-Hizmetler-Isletme-Bakim-banner.webp","type":"image\/webp"}],"twitter_card":"summary_large_image","twitter_misc":{"Est. reading time":"1 minute"},"schema":{"@context":"https:\/\/schema.org","@graph":[{"@type":"WebPage","@id":"https:\/\/solins.com.tr\/en\/services\/operation-and-maintenance\/","url":"https:\/\/solins.com.tr\/en\/services\/operation-and-maintenance\/","name":"Operation and Maintenance - Solins Energy","isPartOf":{"@id":"https:\/\/solins.com.tr\/en\/#website"},"primaryImageOfPage":{"@id":"https:\/\/solins.com.tr\/en\/services\/operation-and-maintenance\/#primaryimage"},"image":{"@id":"https:\/\/solins.com.tr\/en\/services\/operation-and-maintenance\/#primaryimage"},"thumbnailUrl":"https:\/\/solins.com.tr\/wp-content\/uploads\/2022\/08\/Solins-Energy-Hizmetler-Isletme-Bakim-banner.webp","datePublished":"2022-06-28T03:10:26+00:00","dateModified":"2022-09-16T09:44:21+00:00","description":"Operation and Maintenance: We provide instant monitoring, intervention, maintenance and repair services at the operational time of the...","breadcrumb":{"@id":"https:\/\/solins.com.tr\/en\/services\/operation-and-maintenance\/#breadcrumb"},"inLanguage":"en-US","potentialAction":[{"@type":"ReadAction","target":["https:\/\/solins.com.tr\/en\/services\/operation-and-maintenance\/"]}]},{"@type":"ImageObject","inLanguage":"en-US","@id":"https:\/\/solins.com.tr\/en\/services\/operation-and-maintenance\/#primaryimage","url":"https:\/\/solins.com.tr\/wp-content\/uploads\/2022\/08\/Solins-Energy-Hizmetler-Isletme-Bakim-banner.webp","contentUrl":"https:\/\/solins.com.tr\/wp-content\/uploads\/2022\/08\/Solins-Energy-Hizmetler-Isletme-Bakim-banner.webp","width":1920,"height":300,"caption":"Solins Energy - Hizmetler - \u0130\u015fletme Bak\u0131m - banner"},{"@type":"BreadcrumbList","@id":"https:\/\/solins.com.tr\/en\/services\/operation-and-maintenance\/#breadcrumb","itemListElement":[{"@type":"ListItem","position":1,"name":"Anasayfa","item":"https:\/\/solins.com.tr\/en\/"},{"@type":"ListItem","position":2,"name":"Services","item":"https:\/\/solins.com.tr\/en\/services\/"},{"@type":"ListItem","position":3,"name":"Operation and Maintenance"}]},{"@type":"WebSite","@id":"https:\/\/solins.com.tr\/en\/#website","url":"https:\/\/solins.com.tr\/en\/","name":"Solins Energy","description":"","publisher":{"@id":"https:\/\/solins.com.tr\/en\/#organization"},"potentialAction":[{"@type":"SearchAction","target":{"@type":"EntryPoint","urlTemplate":"https:\/\/solins.com.tr\/en\/?s={search_term_string}"},"query-input":{"@type":"PropertyValueSpecification","valueRequired":true,"valueName":"search_term_string"}}],"inLanguage":"en-US"},{"@type":"Organization","@id":"https:\/\/solins.com.tr\/en\/#organization","name":"Solins Energy","url":"https:\/\/solins.com.tr\/en\/","logo":{"@type":"ImageObject","inLanguage":"en-US","@id":"https:\/\/solins.com.tr\/en\/#\/schema\/logo\/image\/","url":"https:\/\/solins.com.tr\/wp-content\/uploads\/2022\/04\/slider_logo.webp","contentUrl":"https:\/\/solins.com.tr\/wp-content\/uploads\/2022\/04\/slider_logo.webp","width":732,"height":155,"caption":"Solins Energy"},"image":{"@id":"https:\/\/solins.com.tr\/en\/#\/schema\/logo\/image\/"}}]}},"_links":{"self":[{"href":"https:\/\/solins.com.tr\/en\/wp-json\/wp\/v2\/pages\/1363","targetHints":{"allow":["GET"]}}],"collection":[{"href":"https:\/\/solins.com.tr\/en\/wp-json\/wp\/v2\/pages"}],"about":[{"href":"https:\/\/solins.com.tr\/en\/wp-json\/wp\/v2\/types\/page"}],"author":[{"embeddable":true,"href":"https:\/\/solins.com.tr\/en\/wp-json\/wp\/v2\/users\/3"}],"replies":[{"embeddable":true,"href":"https:\/\/solins.com.tr\/en\/wp-json\/wp\/v2\/comments?post=1363"}],"version-history":[{"count":6,"href":"https:\/\/solins.com.tr\/en\/wp-json\/wp\/v2\/pages\/1363\/revisions"}],"predecessor-version":[{"id":1668,"href":"https:\/\/solins.com.tr\/en\/wp-json\/wp\/v2\/pages\/1363\/revisions\/1668"}],"up":[{"embeddable":true,"href":"https:\/\/solins.com.tr\/en\/wp-json\/wp\/v2\/pages\/1335"}],"wp:featuredmedia":[{"embeddable":true,"href":"https:\/\/solins.com.tr\/en\/wp-json\/wp\/v2\/media\/1245"}],"wp:attachment":[{"href":"https:\/\/solins.com.tr\/en\/wp-json\/wp\/v2\/media?parent=1363"}],"wp:term":[{"taxonomy":"category","embeddable":true,"href":"https:\/\/solins.com.tr\/en\/wp-json\/wp\/v2\/categories?post=1363"},{"taxonomy":"post_tag","embeddable":true,"href":"https:\/\/solins.com.tr\/en\/wp-json\/wp\/v2\/tags?post=1363"}],"curies":[{"name":"wp","href":"https:\/\/api.w.org\/{rel}","templated":true}]}}